{"id":124,"date":"2021-06-26T02:13:24","date_gmt":"2021-06-26T02:13:24","guid":{"rendered":"https:\/\/escoteirosba.org.br\/visitante\/?page_id=124"},"modified":"2021-06-26T02:41:31","modified_gmt":"2021-06-26T02:41:31","slug":"home","status":"publish","type":"page","link":"https:\/\/escoteirosba.org.br\/visitante\/","title":{"rendered":"Home"},"content":{"rendered":"<p>[et_pb_section fb_built=&#8221;1&#8243; _builder_version=&#8221;4.9.4&#8243; _module_preset=&#8221;default&#8221; background_color=&#8221;#092d74&#8243; locked=&#8221;off&#8221;][et_pb_row column_structure=&#8221;1_2,1_2&#8243; use_custom_gutter=&#8221;on&#8221; make_equal=&#8221;on&#8221; _builder_version=&#8221;4.9.4&#8243; _module_preset=&#8221;default&#8221; custom_padding=&#8221;||||false|false&#8221;][et_pb_column type=&#8221;1_2&#8243; _builder_version=&#8221;4.9.4&#8243; _module_preset=&#8221;default&#8221; custom_css_main_element=&#8221;margin:auto !important;&#8221; custom_css_main_element_last_edited=&#8221;on|tablet&#8221;][et_pb_blurb title=&#8221;Escotismo, educa\u00e7\u00e3o para a vida.&#8221; icon_placement=&#8221;left&#8221; content_max_width=&#8221;100%&#8221; _builder_version=&#8221;4.9.4&#8243; _module_preset=&#8221;default&#8221; header_level=&#8221;h2&#8243; header_font=&#8221;Jost|800||on|||||&#8221; header_text_color=&#8221;#FFFFFF&#8221; header_font_size=&#8221;2.2rem&#8221; header_line_height=&#8221;2.8rem&#8221; body_text_color=&#8221;#FFFFFF&#8221; body_font_size=&#8221;1.2rem&#8221; hover_enabled=&#8221;0&#8243; global_colors_info=&#8221;{}&#8221; sticky_enabled=&#8221;0&#8243;]<\/p>\n<p>Venha fazer parte deste Movimento que j\u00e1 conta com mais de 54 milh\u00f5es de pessoas em todo o mundo.<\/p>\n<p>[\/et_pb_blurb][\/et_pb_column][et_pb_column type=&#8221;1_2&#8243; _builder_version=&#8221;4.9.4&#8243; _module_preset=&#8221;default&#8221;][et_pb_video src=&#8221;https:\/\/youtu.be\/rI9mdj4ArwM&#8221; image_src=&#8221;https:\/\/escoteirosba.org.br\/visitante\/wp-content\/uploads\/2021\/06\/Conheca-o-Movimento-Escoteiro.png&#8221; _builder_version=&#8221;4.9.4&#8243; _module_preset=&#8221;default&#8221;][\/et_pb_video][\/et_pb_column][\/et_pb_row][\/et_pb_section][et_pb_section fb_built=&#8221;1&#8243; prev_background_color=&#8221;#092d74&#8243; _builder_version=&#8221;4.9.4&#8243; _module_preset=&#8221;default&#8221; top_divider_style=&#8221;wave2&#8243; bottom_divider_style=&#8221;wave2&#8243; hover_enabled=&#8221;0&#8243; locked=&#8221;off&#8221; bottom_divider_color=&#8221;RGBA(0,0,0,0)&#8221; sticky_enabled=&#8221;0&#8243;][et_pb_row use_custom_gutter=&#8221;on&#8221; make_equal=&#8221;on&#8221; _builder_version=&#8221;4.9.4&#8243; _module_preset=&#8221;default&#8221; custom_margin=&#8221;2rem||2rem||true|false&#8221;][et_pb_column type=&#8221;4_4&#8243; _builder_version=&#8221;4.9.4&#8243; _module_preset=&#8221;default&#8221; custom_css_main_element=&#8221;margin: auto !important;&#8221; custom_css_main_element_last_edited=&#8221;on|tablet&#8221;][et_pb_text _builder_version=&#8221;4.9.4&#8243; _module_preset=&#8221;default&#8221; text_font=&#8221;Neufreit|900|||||||&#8221; text_text_color=&#8221;#000000&#8243; header_2_font=&#8221;Jost|700|||||||&#8221; header_2_text_color=&#8221;#092d74&#8243; header_2_font_size=&#8221;2rem&#8221; hover_enabled=&#8221;0&#8243; sticky_enabled=&#8221;0&#8243; header_2_text_align=&#8221;center&#8221;]<\/p>\n<h2>Saiba mais sobre a participa\u00e7\u00e3o no movimento escoteiro!<\/h2>\n<p>[\/et_pb_text][\/et_pb_column][\/et_pb_row][et_pb_row _builder_version=&#8221;4.9.4&#8243; _module_preset=&#8221;default&#8221; column_structure=&#8221;1_3,1_3,1_3&#8243;][et_pb_column _builder_version=&#8221;4.9.4&#8243; _module_preset=&#8221;default&#8221; type=&#8221;1_3&#8243;][et_pb_blurb title=&#8221;Seja adulto volunt\u00e1rio&#8221; image=&#8221;https:\/\/escoteirosba.org.br\/visitante\/wp-content\/uploads\/2021\/06\/adulto-educador-scaled.jpg&#8221; _builder_version=&#8221;4.9.4&#8243; _module_preset=&#8221;default&#8221; hover_enabled=&#8221;0&#8243; sticky_enabled=&#8221;0&#8243; background_color=&#8221;#092d74&#8243; header_font=&#8221;Just Another Hand|700||on|||||&#8221; header_font_size=&#8221;2rem&#8221; header_text_color=&#8221;#FFFFFF&#8221; header_text_align=&#8221;center&#8221; border_radii=&#8221;on|1rem|1rem|1rem|1rem&#8221; title_text=&#8221;adulto-educador&#8221; body_text_color=&#8221;#FFFFFF&#8221; body_text_align=&#8221;center&#8221; body_font=&#8221;Montserrat||||||||&#8221; header_line_height=&#8221;0.2em&#8221; url=&#8221;https:\/\/escoteirosba.org.br\/visitante\/adulto\/&#8221; link_option_url=&#8221;https:\/\/escoteirosba.org.br\/visitante\/adulto\/&#8221;]Clique e saiba mais!<\/p>\n<p>[\/et_pb_blurb][\/et_pb_column][et_pb_column _builder_version=&#8221;4.9.4&#8243; _module_preset=&#8221;default&#8221; type=&#8221;1_3&#8243;][\/et_pb_column][et_pb_column _builder_version=&#8221;4.9.4&#8243; _module_preset=&#8221;default&#8221; type=&#8221;1_3&#8243;][\/et_pb_column][\/et_pb_row][\/et_pb_section]<\/p>\n","protected":false},"excerpt":{"rendered":"<p>Venha fazer parte deste Movimento que j\u00e1 conta com mais de 54 milh\u00f5es de pessoas em todo o mundo.Saiba mais sobre a participa\u00e7\u00e3o no movimento escoteiro!Clique e saiba mais!<\/p>\n","protected":false},"author":1,"featured_media":0,"parent":0,"menu_order":0,"comment_status":"closed","ping_status":"closed","template":"","meta":{"_et_pb_use_builder":"on","_et_pb_old_content":"","_et_gb_content_width":"","footnotes":""},"class_list":["post-124","page","type-page","status-publish","hentry"],"_links":{"self":[{"href":"https:\/\/escoteirosba.org.br\/visitante\/wp-json\/wp\/v2\/pages\/124","targetHints":{"allow":["GET"]}}],"collection":[{"href":"https:\/\/escoteirosba.org.br\/visitante\/wp-json\/wp\/v2\/pages"}],"about":[{"href":"https:\/\/escoteirosba.org.br\/visitante\/wp-json\/wp\/v2\/types\/page"}],"author":[{"embeddable":true,"href":"https:\/\/escoteirosba.org.br\/visitante\/wp-json\/wp\/v2\/users\/1"}],"replies":[{"embeddable":true,"href":"https:\/\/escoteirosba.org.br\/visitante\/wp-json\/wp\/v2\/comments?post=124"}],"version-history":[{"count":3,"href":"https:\/\/escoteirosba.org.br\/visitante\/wp-json\/wp\/v2\/pages\/124\/revisions"}],"predecessor-version":[{"id":131,"href":"https:\/\/escoteirosba.org.br\/visitante\/wp-json\/wp\/v2\/pages\/124\/revisions\/131"}],"wp:attachment":[{"href":"https:\/\/escoteirosba.org.br\/visitante\/wp-json\/wp\/v2\/media?parent=124"}],"curies":[{"name":"wp","href":"https:\/\/api.w.org\/{rel}","templated":true}]}}